{"id":316,"date":"2023-01-06T22:34:33","date_gmt":"2023-01-06T22:34:33","guid":{"rendered":"https:\/\/traductionsnexus.com\/?page_id=316"},"modified":"2026-03-04T02:10:41","modified_gmt":"2026-03-04T02:10:41","slug":"traduction-juridique-francais-anglais","status":"publish","type":"page","link":"https:\/\/traductionsnexus.com\/fr\/traduction-juridique-francais-anglais\/","title":{"rendered":"SERVICES"},"content":{"rendered":"<h1><b>NOS SERVICES DE TRADUCTION JURIDIQUE<\/b><\/h1>\r\n<h2>Une entreprise de services de traduction juridique de Montr\u00e9al sur laquelle vous pouvez compter<\/h2>\r\n<p>Chez Traductions nexus, nous fournissons des services sp\u00e9cialis\u00e9s de traduction juridique \u00e0 Montr\u00e9al, au Canada et ailleurs, offrant des traductions professionnelles du fran\u00e7ais vers l'anglais pour un large \u00e9ventail de documents juridiques. En plus des traductions juridiques, nous offrons des traductions certifi\u00e9es, des services g\u00e9n\u00e9raux de traduction et de r\u00e9vision pour r\u00e9pondre aux divers besoins de notre client\u00e8le. Notre entreprise de traduction juridique \u00e0 Montr\u00e9al a pour mission de fournir au public francophone et anglophone des traductions pr\u00e9cises et fiables, conformes aux normes juridiques et linguistiques en vigueur. <br \/><br \/><a style=\"display: inline-block; padding: 10px 20px; background-color: #c6695f; color: #ffffff; text-decoration: none; border-radius: 5px; font-weight: bold;\" href=\"https:\/\/traductionsnexus.com\/fr\/nous-contacter\/\" target=\"_blank\" rel=\"noopener\">Contactez-nous<\/a><\/p>\r\n<h2>Notre Mission<\/h2>\r\n<p><img data-recalc-dims=\"1\" loading=\"lazy\" decoding=\"async\" class=\"alignright wp-image-2141 size-large\" src=\"https:\/\/i0.wp.com\/traductionsnexus.com\/wp-content\/uploads\/2025\/03\/shutterstock_726312043.webp?resize=700%2C467&#038;ssl=1\" alt=\"Notre entreprise de services de traduction juridique \u00e0 Montr\u00e9al d\u00e9fend l&#039;\u00e9quit\u00e9 et la pr\u00e9cision, symbolis\u00e9es par Dame Justice, les yeux band\u00e9s, tenant une balance et une \u00e9p\u00e9e.\" width=\"700\" height=\"467\" srcset=\"https:\/\/i0.wp.com\/traductionsnexus.com\/wp-content\/uploads\/2025\/03\/shutterstock_726312043-scaled.webp?resize=700%2C467&amp;ssl=1 700w, https:\/\/i0.wp.com\/traductionsnexus.com\/wp-content\/uploads\/2025\/03\/shutterstock_726312043-scaled.webp?resize=300%2C200&amp;ssl=1 300w, https:\/\/i0.wp.com\/traductionsnexus.com\/wp-content\/uploads\/2025\/03\/shutterstock_726312043-scaled.webp?resize=768%2C512&amp;ssl=1 768w, https:\/\/i0.wp.com\/traductionsnexus.com\/wp-content\/uploads\/2025\/03\/shutterstock_726312043-scaled.webp?resize=1536%2C1024&amp;ssl=1 1536w, https:\/\/i0.wp.com\/traductionsnexus.com\/wp-content\/uploads\/2025\/03\/shutterstock_726312043-scaled.webp?resize=2048%2C1365&amp;ssl=1 2048w, https:\/\/i0.wp.com\/traductionsnexus.com\/wp-content\/uploads\/2025\/03\/shutterstock_726312043-scaled.webp?resize=18%2C12&amp;ssl=1 18w, https:\/\/i0.wp.com\/traductionsnexus.com\/wp-content\/uploads\/2025\/03\/shutterstock_726312043-scaled.webp?w=1480&amp;ssl=1 1480w, https:\/\/i0.wp.com\/traductionsnexus.com\/wp-content\/uploads\/2025\/03\/shutterstock_726312043-scaled.webp?w=2220&amp;ssl=1 2220w\" sizes=\"auto, (max-width: 700px) 100vw, 700px\" \/><\/p>\r\n<p>Notre \u00e9quipe est compos\u00e9e d'avocat(e)s, de juristes et <a href=\"https:\/\/traductionsnexus.com\/fr\/traducteur-agree-montreal\/\" target=\"_blank\" rel=\"noopener\">traductrices et traducteurs agr\u00e9\u00e9s<\/a>, qui apportent, chacun(e) une combinaison d'expertise juridique et de comp\u00e9tences linguistiques afin de nous permettre de traiter efficacement les \u00e9carts linguistiques dans vos documents juridiques.<\/p>\r\n<p>Chez Traductions nexus, notre mission est de vous offrir des services de haute qualit\u00e9 tout en vous livrant les projets qui nous sont confi\u00e9s dans les d\u00e9lais convenus. Nous sommes conscients de l'importance de la pr\u00e9cision dans les traductions juridiques, raison pour laquelle notre \u00e9quipe d\u00e9vou\u00e9e s'engage \u00e0 fournir des services soign\u00e9s et fiables, parfaitement adapt\u00e9s \u00e0 vos besoins sp\u00e9cifiques. Nous fournissons des services de traduction juridique de confiance au Canada, garantissant une expertise en terminologie juridique, ainsi qu'une clart\u00e9 et confidentialit\u00e9 absolues.<\/p>\r\n<p>Vous vous demandez \u00e0 quoi ressemble une collaboration avec nous? D\u00e9couvrez-le dans <a href=\"\/fr\/www.traductionsnexus.com\/en\/traductions-en-anglais\/\" target=\"_blank\" rel=\"noopener\">Traductions en anglais sur mesure<\/a>.<\/p>\r\n<h2>Notre expertise en services de traduction juridique<\/h2>\r\n<p>Nous nous sp\u00e9cialisons dans la traduction de documents juridiques suivants :<\/p>\r\n<div style=\"display: grid; grid-template-columns: repeat(auto-fit, minmax(250px, 1fr)); gap: 20px; padding: 20px; font-family: Arial, sans-serif; line-height: 1.5;\">\r\n<div style=\"padding: 10px; border: 1px solid #ddd; border-radius: 5px; background-color: #f9f9f9;\">\r\n<h3 style=\"margin-top: 0; font-size: 18px;\">Documents de droit des affaires<\/h3>\r\n<ul style=\"padding-left: 20px;\">\r\n<li>Documents de fusions et acquisitions<\/li>\r\n<li>Conditions d'utilisation et politiques de confidentialit\u00e9<\/li>\r\n<li>R\u00e9solutions de l'entreprise<\/li>\r\n<li>Proc\u00e8s-verbaux des r\u00e9unions de conseils d'administration<\/li>\r\n<li>Politiques g\u00e9n\u00e9rales d'entreprises<\/li>\r\n<li>Conventions d\u2019actionnaires<\/li>\r\n<li>Contrats de soci\u00e9t\u00e9s<\/li>\r\n<li>Statuts constitutifs<\/li>\r\n<li>R\u00e8glements administratifs<\/li>\r\n<li>Manuels de conformit\u00e9<\/li>\r\n<li>Rapports de v\u00e9rification interne<\/li>\r\n<\/ul>\r\n<\/div>\r\n<div style=\"padding: 10px; border: 1px solid #ddd; border-radius: 5px; background-color: #f9f9f9;\">\r\n<h3 style=\"margin-top: 0; font-size: 18px;\">Documents financiers et r\u00e9glementaires<\/h3>\r\n<ul style=\"padding-left: 20px;\">\r\n<li>Prospectus<\/li>\r\n<li>Aper\u00e7us de fonds<\/li>\r\n<li>Notices annuelles<\/li>\r\n<li>Notices d'offres<\/li>\r\n<li>\u00c9tats financiers<\/li>\r\n<li>Rapports de gestion<\/li>\r\n<li>Circulaires de sollicitation de procurations par la direction<\/li>\r\n<li>Rapports de conformit\u00e9<\/li>\r\n<li>Accords internationaux<\/li>\r\n<li>Trait\u00e9s bilat\u00e9raux<\/li>\r\n<\/ul>\r\n<\/div>\r\n<div style=\"padding: 10px; border: 1px solid #ddd; border-radius: 5px; background-color: #f9f9f9;\">\r\n<h3 style=\"margin-top: 0; font-size: 18px;\">Traductions certifi\u00e9es de documents officiels<\/h3>\r\n<ul style=\"padding-left: 20px;\">\r\n<li>Certificats de naissance<\/li>\r\n<li>Certificats de mariage<\/li>\r\n<li>Jugements de divorce<\/li>\r\n<li>Certificats de d\u00e9c\u00e8s<\/li>\r\n<li>Actes de naissance<\/li>\r\n<li>Actes de mariage<\/li>\r\n<li>Actes de d\u00e9c\u00e8s<\/li>\r\n<li>Actes d'union civile<\/li>\r\n<li>Relev\u00e9s de notes et dipl\u00f4mes<\/li>\r\n<li>Documents d\u2019immigration<\/li>\r\n<li>Passeports et pi\u00e8ces d\u2019identit\u00e9<\/li>\r\n<li>Permis de travail<\/li>\r\n<li>Permis de conduire<\/li>\r\n<li>Demandes de visa<\/li>\r\n<li>Appels en mati\u00e8re d'immigration<\/li>\r\n<\/ul>\r\n<\/div>\r\n<div style=\"padding: 10px; border: 1px solid #ddd; border-radius: 5px; background-color: #f9f9f9;\">\r\n<h3 style=\"margin-top: 0; font-size: 18px;\">Documents li\u00e9s aux litiges et \u00e0 la r\u00e9solution des diff\u00e9rends<\/h3>\r\n<ul style=\"padding-left: 20px;\">\r\n<li>Jugements et proc\u00e9dures judiciaires<\/li>\r\n<li>Sentences arbitrales<\/li>\r\n<li>D\u00e9clarations de t\u00e9moins<\/li>\r\n<li>Rapports d'experts<\/li>\r\n<li>Assignations et avis<\/li>\r\n<li>Requ\u00eates et m\u00e9moires<\/li>\r\n<li>Documents de divulgation<\/li>\r\n<li>Transcriptions de d\u00e9positions<\/li>\r\n<li>Interrogatoires \u00e9crits<\/li>\r\n<li>M\u00e9moires de l'amicus curiae<\/li>\r\n<\/ul>\r\n<\/div>\r\n<div style=\"padding: 10px; border: 1px solid #ddd; border-radius: 5px; background-color: #f9f9f9;\">\r\n<h3 style=\"margin-top: 0; font-size: 18px;\">Contrats et accords<\/h3>\r\n<ul style=\"padding-left: 20px;\">\r\n<li>Contrats de travail<\/li>\r\n<li>Baux<\/li>\r\n<li>Contrats de service<\/li>\r\n<li>Accords de non-divulgation (NDA)<\/li>\r\n<li>Contrats de vente<\/li>\r\n<li>Contrats de soci\u00e9t\u00e9s<\/li>\r\n<li>Accords de franchise<\/li>\r\n<li>Ententes de r\u00e8glement<\/li>\r\n<li>Contrats de pr\u00eat<\/li>\r\n<\/ul>\r\n<\/div>\r\n<div style=\"padding: 10px; border: 1px solid #ddd; border-radius: 5px; background-color: #f9f9f9;\">\r\n<h3 style=\"margin-top: 0; font-size: 18px;\">Documents de propri\u00e9t\u00e9 intellectuelle<\/h3>\r\n<ul style=\"padding-left: 20px;\">\r\n<li>Brevets<\/li>\r\n<li>Demandes de marques de commerce<\/li>\r\n<li>Contrats de licence<\/li>\r\n<li>Avis de droits d\u2019auteur<\/li>\r\n<li>Accords de transfert de propri\u00e9t\u00e9 intellectuelle<\/li>\r\n<li>Accords sur les secrets commerciaux<\/li>\r\n<\/ul>\r\n<\/div>\r\n<div style=\"padding: 10px; border: 1px solid #ddd; border-radius: 5px; background-color: #f9f9f9;\">\r\n<h3 style=\"margin-top: 0; font-size: 18px;\">Mat\u00e9riels de communication et de marketing<\/h3>\r\n<ul style=\"padding-left: 20px;\">\r\n<li>Communiqu\u00e9s de presse<\/li>\r\n<li>Bulletins d'informations<\/li>\r\n<li>Conditions g\u00e9n\u00e9rales d'utilisation du site web<\/li>\r\n<li>Campagnes marketing<\/li>\r\n<li>Livres blancs juridiques<\/li>\r\n<li>Brochures de cabinets d\u2019avocats<\/li>\r\n<\/ul>\r\n<\/div>\r\n<div style=\"padding: 10px; border: 1px solid #ddd; border-radius: 5px; background-color: #f9f9f9;\">\r\n<h3 style=\"margin-top: 0; font-size: 18px;\">Documents \u00e9ducatifs et mat\u00e9riels de formation<\/h3>\r\n<ul style=\"padding-left: 20px;\">\r\n<li>Notes de cours<\/li>\r\n<li>Pr\u00e9sentations PowerPoint<\/li>\r\n<li>Manuels de formation<\/li>\r\n<li>\u00c9tudes de cas<\/li>\r\n<\/ul>\r\n<\/div>\r\n<div style=\"padding: 10px; border: 1px solid #ddd; border-radius: 5px; background-color: #f9f9f9;\">\r\n<h3 style=\"margin-top: 0; font-size: 18px;\">Documents juridiques divers<\/h3>\r\n<ul style=\"padding-left: 20px;\">\r\n<li>Procurations<\/li>\r\n<li>Testaments<\/li>\r\n<li>D\u00e9clarations sous serment<\/li>\r\n<li>Actes et titres<\/li>\r\n<li>Listes de v\u00e9rification de conformit\u00e9<\/li>\r\n<li>M\u00e9morandums juridiques<\/li>\r\n<\/ul>\r\n<\/div>\r\n<\/div>\r\n<h2><img data-recalc-dims=\"1\" loading=\"lazy\" decoding=\"async\" class=\"alignleft wp-image-2483 size-large\" src=\"https:\/\/i0.wp.com\/traductionsnexus.com\/wp-content\/uploads\/2025\/03\/legal-translation-services.jpg?resize=700%2C396&#038;ssl=1\" alt=\"Bureau de services de traduction juridique \u00e0 Montr\u00e9al, avec un bureau, un ordinateur portable affichant un document de traduction,  des livres juridiques, un globe et une balance.\" width=\"700\" height=\"396\" srcset=\"https:\/\/i0.wp.com\/traductionsnexus.com\/wp-content\/uploads\/2025\/03\/legal-translation-services.jpg?resize=700%2C396&amp;ssl=1 700w, https:\/\/i0.wp.com\/traductionsnexus.com\/wp-content\/uploads\/2025\/03\/legal-translation-services.jpg?resize=300%2C170&amp;ssl=1 300w, https:\/\/i0.wp.com\/traductionsnexus.com\/wp-content\/uploads\/2025\/03\/legal-translation-services.jpg?resize=768%2C434&amp;ssl=1 768w, https:\/\/i0.wp.com\/traductionsnexus.com\/wp-content\/uploads\/2025\/03\/legal-translation-services.jpg?resize=18%2C10&amp;ssl=1 18w, https:\/\/i0.wp.com\/traductionsnexus.com\/wp-content\/uploads\/2025\/03\/legal-translation-services.jpg?w=1472&amp;ssl=1 1472w\" sizes=\"auto, (max-width: 700px) 100vw, 700px\" \/><\/h2>\r\n<h2>Questions fr\u00e9quentes sur la traduction juridique<\/h2>\r\n<style>#sp-ea-2465 .spcollapsing { height: 0; overflow: hidden; transition-property: height;transition-duration: 300ms;}#sp-ea-2465.sp-easy-accordion>.sp-ea-single {margin-bottom: 10px; border: 1px solid #e2e2e2; }#sp-ea-2465.sp-easy-accordion>.sp-ea-single>.ea-header a {color: #444;}#sp-ea-2465.sp-easy-accordion>.sp-ea-single>.sp-collapse>.ea-body {background: #fff; color: #444;}#sp-ea-2465.sp-easy-accordion>.sp-ea-single {background: #eee;}#sp-ea-2465.sp-easy-accordion>.sp-ea-single>.ea-header a .ea-expand-icon { float: left; color: #444;font-size: 16px;}<\/style><div id=\"sp_easy_accordion-1743019360\"><div id=\"sp-ea-2465\" class=\"sp-ea-one sp-easy-accordion\" data-ea-active=\"ea-click\" data-ea-mode=\"vertical\" data-preloader=\"\" data-scroll-active-item=\"\" data-offset-to-scroll=\"0\"><div class=\"ea-card ea-expand sp-ea-single\"><h3 class=\"ea-header\"><a class=\"collapsed\" id=\"ea-header-24650\" role=\"button\" data-sptoggle=\"spcollapse\" data-sptarget=\"#collapse24650\" aria-controls=\"collapse24650\" href=\"#\" aria-expanded=\"true\" tabindex=\"0\"><i aria-hidden=\"true\" role=\"presentation\" class=\"ea-expand-icon eap-icon-ea-expand-minus\"><\/i> Combien co\u00fbte une traduction juridique?<\/a><\/h3><div class=\"sp-collapse spcollapse collapsed show\" id=\"collapse24650\" data-parent=\"#sp-ea-2465\" role=\"region\" aria-labelledby=\"ea-header-24650\"> <div class=\"ea-body\"><p>Le co\u00fbt d\u2019une traduction juridique d\u00e9pend de plusieurs facteurs, notamment la complexit\u00e9 du document, le domaine du droit, la n\u00e9cessit\u00e9 d\u2019une certification et le d\u00e9lai de livraison. Les tarifs sont g\u00e9n\u00e9ralement calcul\u00e9s au mot ou \u00e0 la page. <a href=\"https:\/\/traductionsnexus.com\/fr\/nous-contacter\/\" target=\"_blank\" rel=\"noopener\">Contactez-nous<\/a> pour un devis personnalis\u00e9 adapt\u00e9 \u00e0 vos besoins sp\u00e9cifiques.<\/p><\/div><\/div><\/div><div class=\"ea-card sp-ea-single\"><h3 class=\"ea-header\"><a class=\"collapsed\" id=\"ea-header-24651\" role=\"button\" data-sptoggle=\"spcollapse\" data-sptarget=\"#collapse24651\" aria-controls=\"collapse24651\" href=\"#\" aria-expanded=\"false\" tabindex=\"0\"><i aria-hidden=\"true\" role=\"presentation\" class=\"ea-expand-icon eap-icon-ea-expand-plus\"><\/i> Qui peut faire une traduction juridique?<\/a><\/h3><div class=\"sp-collapse spcollapse\" id=\"collapse24651\" data-parent=\"#sp-ea-2465\" role=\"region\" aria-labelledby=\"ea-header-24651\"> <div class=\"ea-body\"><p>La traduction juridique doit \u00eatre r\u00e9alis\u00e9e par des traductrices et traducteurs professionnels sp\u00e9cialis\u00e9s dans la terminologie et les concepts juridiques du pair de langues pertinent, dans notre cas, du fran\u00e7ais \u00e0 l\u2019anglais. Certains documents juridiques n\u00e9cessitent \u00e9galement des traducteurs agr\u00e9\u00e9(e)s respectant des normes officielles, telles que celles \u00e9tablies par l'OTTIAQ ou l'ATIO. Notre \u00e9quipe comprend des traductrices et traducteurs juridiques exp\u00e9riment\u00e9s, y compris des professionnel(le)s agr\u00e9\u00e9(e)s, garantissant ainsi la pr\u00e9cision et la conformit\u00e9 aux exigences l\u00e9gales.<\/p><\/div><\/div><\/div><div class=\"ea-card sp-ea-single\"><h3 class=\"ea-header\"><a class=\"collapsed\" id=\"ea-header-24652\" role=\"button\" data-sptoggle=\"spcollapse\" data-sptarget=\"#collapse24652\" aria-controls=\"collapse24652\" href=\"#\" aria-expanded=\"false\" tabindex=\"0\"><i aria-hidden=\"true\" role=\"presentation\" class=\"ea-expand-icon eap-icon-ea-expand-plus\"><\/i> Qu\u2019est-ce que les services de traduction juridique?<\/a><\/h3><div class=\"sp-collapse spcollapse\" id=\"collapse24652\" data-parent=\"#sp-ea-2465\" role=\"region\" aria-labelledby=\"ea-header-24652\"> <div class=\"ea-body\"><p>Les services de traduction juridique consistent \u00e0 traduire des documents juridiques tels que des contrats, des d\u00e9cisions de justice, des papiers d'immigration et des politiques d'entreprise. Ces traductions doivent \u00eatre pr\u00e9cises et respecter les normes l\u00e9gales des langues source et cible.<\/p><\/div><\/div><\/div><div class=\"ea-card sp-ea-single\"><h3 class=\"ea-header\"><a class=\"collapsed\" id=\"ea-header-24653\" role=\"button\" data-sptoggle=\"spcollapse\" data-sptarget=\"#collapse24653\" aria-controls=\"collapse24653\" href=\"#\" aria-expanded=\"false\" tabindex=\"0\"><i aria-hidden=\"true\" role=\"presentation\" class=\"ea-expand-icon eap-icon-ea-expand-plus\"><\/i> Comment obtenir un devis pour des services de traduction juridique?<\/a><\/h3><div class=\"sp-collapse spcollapse\" id=\"collapse24653\" data-parent=\"#sp-ea-2465\" role=\"region\" aria-labelledby=\"ea-header-24653\"> <div class=\"ea-body\"><p>Obtenez facilement un devis! Envoyez-nous les d\u00e9tails de votre projet \u00e0 <a rel=\"noopener\" data-start=\"163\" data-end=\"188\">info@traductionsnexus.com<\/a> pour un devis gratuit, et vous recevrez une r\u00e9ponse le jour m\u00eame par t\u00e9l\u00e9phone ou par courriel. Nous vous fournirons les d\u00e9tails sur les tarifs, le d\u00e9lai de livraison et toute autre clarification n\u00e9cessaire.<\/p><\/div><\/div><\/div><div class=\"ea-card sp-ea-single\"><h3 class=\"ea-header\"><a class=\"collapsed\" id=\"ea-header-24654\" role=\"button\" data-sptoggle=\"spcollapse\" data-sptarget=\"#collapse24654\" aria-controls=\"collapse24654\" href=\"#\" aria-expanded=\"false\" tabindex=\"0\"><i aria-hidden=\"true\" role=\"presentation\" class=\"ea-expand-icon eap-icon-ea-expand-plus\"><\/i> Combien de temps prend une traduction juridique?<\/a><\/h3><div class=\"sp-collapse spcollapse\" id=\"collapse24654\" data-parent=\"#sp-ea-2465\" role=\"region\" aria-labelledby=\"ea-header-24654\"> <div class=\"ea-body\"><p>Le d\u00e9lai de livraison pour une traduction juridique d\u00e9pend de plusieurs facteurs, tels que la longueur du document, sa complexit\u00e9 et les exigences de certification. La plupart des documents standards sont traduits en quelques jours ouvrables, tandis que les demandes urgentes peuvent \u00eatre trait\u00e9es sur demande. <a href=\"https:\/\/traductionsnexus.com\/fr\/nous-contacter\/\" target=\"_blank\" rel=\"noopener\">Contactez-nous<\/a> avec les d\u00e9tails de votre projet pour un d\u00e9lai pr\u00e9cis.<\/p><\/div><\/div><\/div><div class=\"ea-card sp-ea-single\"><h3 class=\"ea-header\"><a class=\"collapsed\" id=\"ea-header-24655\" role=\"button\" data-sptoggle=\"spcollapse\" data-sptarget=\"#collapse24655\" aria-controls=\"collapse24655\" href=\"#\" aria-expanded=\"false\" tabindex=\"0\"><i aria-hidden=\"true\" role=\"presentation\" class=\"ea-expand-icon eap-icon-ea-expand-plus\"><\/i> Proposez-vous des traductions certifi\u00e9es?<\/a><\/h3><div class=\"sp-collapse spcollapse\" id=\"collapse24655\" data-parent=\"#sp-ea-2465\" role=\"region\" aria-labelledby=\"ea-header-24655\"> <div class=\"ea-body\"><p>Oui, nous fournissons des services de traduction certifi\u00e9e de documents fran\u00e7ais (du fran\u00e7ais vers l\u2019anglais) pour une vari\u00e9t\u00e9 de documents juridiques et non juridiques. Nos traductrices et traducteurs agr\u00e9\u00e9s sont qualifi\u00e9s pour certifier des documents \u00e0 travers le Canada. Vous avez d'autres questions? Contactez-nous via notre <a href=\"https:\/\/traductionsnexus.com\/fr\/nous-contacter\/\" target=\"_blank\" rel=\"noopener\">formulaire<\/a>!<\/p><\/div><\/div><\/div><div class=\"ea-card sp-ea-single\"><h3 class=\"ea-header\"><a class=\"collapsed\" id=\"ea-header-24656\" role=\"button\" data-sptoggle=\"spcollapse\" data-sptarget=\"#collapse24656\" aria-controls=\"collapse24656\" href=\"#\" aria-expanded=\"false\" tabindex=\"0\"><i aria-hidden=\"true\" role=\"presentation\" class=\"ea-expand-icon eap-icon-ea-expand-plus\"><\/i> Quels types de documents traduisez-vous?<\/a><\/h3><div class=\"sp-collapse spcollapse\" id=\"collapse24656\" data-parent=\"#sp-ea-2465\" role=\"region\" aria-labelledby=\"ea-header-24656\"> <div class=\"ea-body\"><p>Nous nous sp\u00e9cialisons dans les documents juridiques, y compris les documents d'entreprise, les documents sur les valeurs mobili\u00e8res, les avis juridiques, les contrats, les textes acad\u00e9miques, les actes de proc\u00e9dure judiciaire et les documents d'immigration. Vous avez une demande sp\u00e9cifique? <a href=\"https:\/\/traductionsnexus.com\/fr\/nous-contacter\/\" target=\"_blank\" rel=\"noopener\">Contactez-nous<\/a>. Nous serions ravis de vous aider!<\/p><\/div><\/div><\/div><\/div><\/div>\r\n<h2>Pourquoi choisir notre entreprise de traduction juridique \u00e0 Montr\u00e9al?<\/h2>\r\n<p>Nous savons que les traductions juridiques exigent une pr\u00e9cision et un souci du d\u00e9tail hors du commun. Voici pourquoi vous devriez nous confier vos documents juridiques:<\/p>\r\n<h3>Des traductrices et traducteurs juridiques comp\u00e9tents et exp\u00e9riment\u00e9s<\/h3>\r\n<p>Notre \u00e9quipe est compos\u00e9e <a href=\"https:\/\/traductionsnexus.com\/fr\/traducteur-agree-montreal\/\" target=\"_blank\" rel=\"noopener\">traductrices et traducteurs juridiques agr\u00e9\u00e9s<\/a>, qui assurent des traductions d\u2019une grande pr\u00e9cision et d\u2019un professionnalisme irr\u00e9prochable. Nous offrons aussi des traductions certifi\u00e9es pour documents officiels et juridiques.<\/p>\r\n<h3>Confidentialit\u00e9 et conformit\u00e9 l\u00e9gale<\/h3>\r\n<p>Nous respectons des ententes de confidentialit\u00e9 stricts et veillons \u00e0 ce que toutes les traductions soient conformes aux normes et r\u00e9glementations l\u00e9gales.<\/p>\r\n<h3>Un service rapide et d\u00e9livr\u00e9 en temps opportun<\/h3>\r\n<p>Nous sommes capables de r\u00e9aliser des traductions les d\u00e9lais impartis et selon les normes les plus strictes.<\/p>\r\n<h2>Vous cherchez une entreprise fiable de services de traduction juridique \u00e0 Montr\u00e9al? Communiquez avec nous d\u00e8s aujourd'hui!<\/h2>\r\n<p>Vous recherchez des services de traduction juridique \u00e0 Montr\u00e9al ou ailleurs au Qu\u00e9bec? Faites confiance \u00e0 notre expertise. <a href=\"https:\/\/traductionsnexus.com\/fr\/nous-contacter\/\" target=\"_blank\" rel=\"noopener\">Demandez un devis ou contactez-nous d\u00e8s aujourd\u2019hui<\/a>! Nos experts sont \u00e0 votre service.<\/p>\r\n<p>&nbsp;<\/p>\r\n<p>&nbsp;<\/p>\r\n<p>&nbsp;<\/p>\r\n<p>&nbsp;<\/p>\r\n<p>\r\n\r\n\r\n\r\n<\/ul>\r\n<\/li>\r\n<\/ul>\r\n<p>&nbsp;<\/p>\r\n<ul><\/ul>\r\n<p><!-- \/wp:post-content --><\/p>\r\n<p><!-- wp:paragraph --><\/p>\r\n<p>&nbsp;<\/p>\r\n<p><!-- \/wp:paragraph --><\/p>","protected":false},"excerpt":{"rendered":"<p>OUR LEGAL TRANSLATION SERVICES Montreal Legal Translation Services Company You Can Trust At Traductions nexus, we provide specialized legal translation services in Montreal, Canada, and beyond offering professional French-to-English translations &hellip; <\/p>","protected":false},"author":1,"featured_media":0,"parent":0,"menu_order":0,"comment_status":"closed","ping_status":"closed","template":"","meta":{"_monsterinsights_skip_tracking":false,"_monsterinsights_sitenote_active":false,"_monsterinsights_sitenote_note":"","_monsterinsights_sitenote_category":0,"footnotes":""},"class_list":["post-316","page","type-page","status-publish","hentry","has-meta has-sticky-meta"],"aioseo_notices":[],"_links":{"self":[{"href":"https:\/\/traductionsnexus.com\/fr\/wp-json\/wp\/v2\/pages\/316","targetHints":{"allow":["GET"]}}],"collection":[{"href":"https:\/\/traductionsnexus.com\/fr\/wp-json\/wp\/v2\/pages"}],"about":[{"href":"https:\/\/traductionsnexus.com\/fr\/wp-json\/wp\/v2\/types\/page"}],"author":[{"embeddable":true,"href":"https:\/\/traductionsnexus.com\/fr\/wp-json\/wp\/v2\/users\/1"}],"replies":[{"embeddable":true,"href":"https:\/\/traductionsnexus.com\/fr\/wp-json\/wp\/v2\/comments?post=316"}],"version-history":[{"count":41,"href":"https:\/\/traductionsnexus.com\/fr\/wp-json\/wp\/v2\/pages\/316\/revisions"}],"predecessor-version":[{"id":4826,"href":"https:\/\/traductionsnexus.com\/fr\/wp-json\/wp\/v2\/pages\/316\/revisions\/4826"}],"wp:attachment":[{"href":"https:\/\/traductionsnexus.com\/fr\/wp-json\/wp\/v2\/media?parent=316"}],"curies":[{"name":"wp","href":"https:\/\/api.w.org\/{rel}","templated":true}]}}